{"id":131,"date":"2025-12-28T19:08:06","date_gmt":"2025-12-28T19:08:06","guid":{"rendered":"https:\/\/www.trizzie.es\/?page_id=131"},"modified":"2026-03-06T09:24:26","modified_gmt":"2026-03-06T09:24:26","slug":"sobre-mi","status":"publish","type":"page","link":"https:\/\/www.trizzie.es\/index.php\/sobre-mi\/","title":{"rendered":"Sobre m\u00ed"},"content":{"rendered":"\n<p class=\"has-medium-font-size\">Me llamo Beatriz, aunque mayormente me conocen como <a href=\"https:\/\/www.trizcarvajal.com\/\" data-type=\"link\" data-id=\"https:\/\/www.trizcarvajal.com\/\">Triz Carvajal <\/a>en el \u00e1rea art\u00edstica, ya que soy escritora de novela rom\u00e1ntica e ilustradora.<\/p>\n\n\n\n<p class=\"has-medium-font-size\">Nac\u00ed en la cosecha del 91 y b\u00e1sicamente escribo y dibujo desde que tengo uso de raz\u00f3n.<\/p>\n\n\n\n<p class=\"has-medium-font-size\">Nunca he sabido separar ni unificar bien mis dualidades, as\u00ed que aqu\u00ed, en Trizzie shop, os vengo a presentar de forma independiente mi lado m\u00e1s colorido.<\/p>\n\n\n\n<p class=\"has-medium-font-size\">\u00a1Espero que te quedes para conocer mejor este peque\u00f1o rinc\u00f3n art\u00edstico!<\/p>\n\n\n\n<p class=\"has-medium-font-size\">UN BESO DE FRESA.<\/p>\n\n\n\n<p><\/p>\n","protected":false},"excerpt":{"rendered":"<p>Me llamo Beatriz, aunque mayormente me conocen como Triz Carvajal en el \u00e1rea art\u00edstica, ya que soy escritora de novela rom\u00e1ntica e ilustradora. Nac\u00ed en la cosecha del 91 y b\u00e1sicamente escribo y dibujo desde que tengo uso de raz\u00f3n. Nunca he sabido separar ni unificar bien mis dualidades, as\u00ed que aqu\u00ed, en Trizzie shop, [&hellip;]<\/p>\n","protected":false},"author":1,"featured_media":0,"parent":0,"menu_order":0,"comment_status":"closed","ping_status":"closed","template":"","meta":{"footnotes":""},"class_list":["post-131","page","type-page","status-publish","hentry"],"_links":{"self":[{"href":"https:\/\/www.trizzie.es\/index.php\/wp-json\/wp\/v2\/pages\/131","targetHints":{"allow":["GET"]}}],"collection":[{"href":"https:\/\/www.trizzie.es\/index.php\/wp-json\/wp\/v2\/pages"}],"about":[{"href":"https:\/\/www.trizzie.es\/index.php\/wp-json\/wp\/v2\/types\/page"}],"author":[{"embeddable":true,"href":"https:\/\/www.trizzie.es\/index.php\/wp-json\/wp\/v2\/users\/1"}],"replies":[{"embeddable":true,"href":"https:\/\/www.trizzie.es\/index.php\/wp-json\/wp\/v2\/comments?post=131"}],"version-history":[{"count":5,"href":"https:\/\/www.trizzie.es\/index.php\/wp-json\/wp\/v2\/pages\/131\/revisions"}],"predecessor-version":[{"id":163,"href":"https:\/\/www.trizzie.es\/index.php\/wp-json\/wp\/v2\/pages\/131\/revisions\/163"}],"wp:attachment":[{"href":"https:\/\/www.trizzie.es\/index.php\/wp-json\/wp\/v2\/media?parent=131"}],"curies":[{"name":"wp","href":"https:\/\/api.w.org\/{rel}","templated":true}]}}